{"id":23,"date":"2024-12-13T13:48:58","date_gmt":"2024-12-13T12:48:58","guid":{"rendered":"http:\/\/maw.ambientcode.net\/?page_id=23"},"modified":"2024-12-14T04:55:58","modified_gmt":"2024-12-14T03:55:58","slug":"czesci","status":"publish","type":"page","link":"https:\/\/maw.ambientcode.net\/index.php\/budowa\/czesci\/","title":{"rendered":"Cz\u0119\u015bci u\u017cyte w robocie"},"content":{"rendered":"\n<figure class=\"wp-block-table has-small-font-size\"><table><thead><tr><th>Nazwa<\/th><th>Cz\u0119\u015b\u0107<\/th><th>Cena<\/th><th>Link<\/th><\/tr><\/thead><tbody><tr><td>Uk\u0142ad steruj\u0105cy<\/td><td>Raspberry Pi Zero 2 W 512MB RAM &#8211; WiFi + BT 4.2<\/td><td>79 z\u0142<\/td><td><a href=\"https:\/\/botland.com.pl\/moduly-i-zestawy-raspberry-pi-zero\/20347-raspberry-pi-zero-2-w-512mb-ram-wifi-bt-42-5056561800004.html\">Botland<\/a><\/td><\/tr><tr><td>Silniki<\/td><td>4 x silnik 20Dx41L z przek\u0142adni\u0105 31:1 6V 450RPM &#8211; Pololu 3451<\/td><td>2 x 138 z\u0142<br>2 x 60 z\u0142<\/td><td><a href=\"https:\/\/botland.com.pl\/silniki-dc-standard-z-przekladnia\/9612-silnik-20dx41l-z-przekladnia-311-6v-450rpm-pololu-3451-5904422313678.html\">Botland<\/a><\/td><\/tr><tr><td>Sterownik silnik\u00f3w<\/td><td>Pololu 777 &#8211; Pololu TReX Dual Motor Controller DMC01<\/td><td>ok 250z\u0142  (1124 z\u0142)<\/td><td><a href=\"https:\/\/kamami.pl\/sterowniki-silnikow\/195475-pololu-777-pololu-trex-dual-motor-controller-dmc01.html\">Kamami<\/a><\/td><\/tr><tr><td>Akumulator<\/td><td>GENS ACE Akumulator LiPo Hardcase 5500mAh 7,4V 60C 2S1P DEAN<\/td><td>165 z\u0142<\/td><td><a href=\"https:\/\/rc-team.pl\/akumulatory-li-po\/169308-gens-ace-akumulator-lipo-hardcase-5500mah-74v-60c-2s1p-dean-6928493308233-045747.html\">RC-TEAM<\/a><\/td><\/tr><tr><td>Przetwornica 6V<\/td><td>Modu\u0142 przetwornicy 6V Step-Down 5,5A D36V50F6<\/td><td>106 z\u0142<\/td><td><a href=\"https:\/\/kamami.pl\/step-down\/586583-modul-przetwornicy-6v-step-down-55a-d36v50f6-pololu-4092-5906623413102.html\">Kamami<\/a><\/td><\/tr><tr><td>Przetwornica 3,3V<\/td><td>S9V11F3S5C3 &#8211; przetwornica step-up\/step-down &#8211; 3,3V 1,5A &#8211; z funkcj\u0105 odci\u0119cia przy niskim napi\u0119ciu &#8211; Pololu 2873<\/td><td>36 z\u0142<\/td><td><a href=\"https:\/\/botland.com.pl\/przetwornice-step-up-step-down\/10676-s9v11f3s5c3-przetwornica-step-upstep-down-33v-15a-z-funkcja-odciecia-przy-niskim-napieciu-pololu-2873-5904422305789.html\">Botland<\/a><\/td><\/tr><tr><td>Przetwornica 5V<\/td><td>D24V22F5 &#8211; przetwornica step-down &#8211; 5V 2,5A &#8211; Pololu 2858<\/td><td>54 z\u0142<\/td><td><a href=\"https:\/\/botland.com.pl\/przetwornice-step-down\/4978-d24v22f5-przetwornica-step-down-5v-25a-pololu-2858-5904422365769.html\">Botland<\/a><\/td><\/tr><tr><td>W\u0142\u0105cznik<\/td><td>Mini prze\u0142\u0105cznik Slide MOSFET LV 2-20V\/6A &#8211; z ochron\u0105 przed pr\u0105dem wstecznym &#8211; Pololu 2810<\/td><td>21 z\u0142<\/td><td><a href=\"https:\/\/botland.com.pl\/przelaczniki-elektroniczne-i-cyfrowe\/4852-mini-przelacznik-slide-mosfet-lv-2-20v6a-z-ochrona-przed-pradem-wstecznym-pololu-2810-5904422300043.html\">Botland<\/a><\/td><\/tr><tr><td>Sensory linii<\/td><td>2 x QTR-L-1RC &#8211; czujnik odbiciowy &#8211; cyfrowy 2szt &#8211; Pololu 2455<\/td><td>2 x 20 <br>z\u0142<\/td><td><a href=\"https:\/\/botland.com.pl\/analogowe-czujniki-odleglosci\/1407-qtr-l-1rc-czujnik-odbiciowy-cyfrowy-2szt-pololu-2455-5904422367534.html\">Botland<\/a><\/td><\/tr><tr><td>Wy\u015bwietlacz<\/td><td>Adafruit Mini PiTFT &#8211; 240&#215;240 Color TFT Add-on for Raspberry Pi<\/td><td>83 z\u0142<\/td><td><a href=\"https:\/\/kamami.pl\/wyswietlacze-do-raspberry-pi\/587296-mini-pitft-wyswietlacz-lcd-tft-13-240x240-dla-raspberry-pi-adafruit-4484-5906623430642.html\">Kamami<\/a><\/td><\/tr><tr><td>Sensory przednie TOF<\/td><td>2 x Cyfrowy czujnik odleg\u0142o\u015bci 300cm PWM &#8211; Pololu 4079<\/td><td>2 x 82 z\u0142<\/td><td><a href=\"https:\/\/botland.com.pl\/cyfrowe-czujniki-odleglosci\/19810-cyfrowy-czujnik-odleglosci-300cm-pwm-pololu-4079-5904422349097.html\">Botland<\/a><\/td><\/tr><tr><td>Ta\u015bma IDC<\/td><td>Przew\u00f3d IDC 10 \u017ce\u0144ski &#8211; piny \u017ce\u0144skie<\/td><td>8 z\u0142<\/td><td><a href=\"https:\/\/botland.com.pl\/przewody-i-zlacza-idc\/1922-przewod-idc-10-zenski-piny-zenskie-5904422330408.html\">Botland<\/a><\/td><\/tr><tr><td>P\u0142ytka uniwersalna<\/td><td>P\u0142ytka drukowana uniwersalna Proto Board do Raspberry Pi Zero<\/td><td>20 z\u0142<\/td><td><a href=\"https:\/\/botland.com.pl\/raspberry-pi-hat-ekspandery-wyprowadzen\/5794-plytka-drukowana-uniwersalna-proto-board-do-raspberry-pi-zero-5904422365332.html\">Botland<\/a><\/td><\/tr><tr><td>Mocowanie k\u00f3\u0142<\/td><td>Aluminiowy Hub mocuj\u0105cy na wa\u0142 4mm \u015bruba M3 (Pololu)<\/td><td>41 z\u0142<\/td><td><a href=\"https:\/\/kamami.pl\/adaptery-do-kol\/210463-aluminiowy-hub-mocujacy-na-wal-4mm-sruba-m3-2-szt-5906623485857.html\">Kamami<\/a><\/td><\/tr><tr><td>Woltomierz<\/td><td><\/td><td>?<\/td><td><\/td><\/tr><tr><td>Kamera<\/td><td>Kamera AI do raspberry<\/td><td><\/td><td><\/td><\/tr><\/tbody><\/table><\/figure>\n\n\n\n<p><\/p>\n","protected":false},"excerpt":{"rendered":"<p>Nazwa Cz\u0119\u015b\u0107 Cena Link Uk\u0142ad steruj\u0105cy Raspberry Pi Zero 2 W 512MB RAM &#8211; WiFi + BT 4.2 79 z\u0142 Botland Silniki 4 x silnik 20Dx41L z przek\u0142adni\u0105 31:1 6V 450RPM &#8211; Pololu 3451 2 x 138 z\u01422 x 60 z\u0142 Botland Sterownik silnik\u00f3w Pololu 777 &#8211; Pololu TReX Dual Motor Controller DMC01 ok 250z\u0142&hellip;<\/p>\n<p class=\"more-link\"><a href=\"https:\/\/maw.ambientcode.net\/index.php\/budowa\/czesci\/\" class=\"themebutton\">Read More<\/a><\/p>\n","protected":false},"author":1,"featured_media":0,"parent":15,"menu_order":0,"comment_status":"closed","ping_status":"closed","template":"","meta":{"footnotes":""},"class_list":["post-23","page","type-page","status-publish","hentry"],"_links":{"self":[{"href":"https:\/\/maw.ambientcode.net\/index.php\/wp-json\/wp\/v2\/pages\/23","targetHints":{"allow":["GET"]}}],"collection":[{"href":"https:\/\/maw.ambientcode.net\/index.php\/wp-json\/wp\/v2\/pages"}],"about":[{"href":"https:\/\/maw.ambientcode.net\/index.php\/wp-json\/wp\/v2\/types\/page"}],"author":[{"embeddable":true,"href":"https:\/\/maw.ambientcode.net\/index.php\/wp-json\/wp\/v2\/users\/1"}],"replies":[{"embeddable":true,"href":"https:\/\/maw.ambientcode.net\/index.php\/wp-json\/wp\/v2\/comments?post=23"}],"version-history":[{"count":12,"href":"https:\/\/maw.ambientcode.net\/index.php\/wp-json\/wp\/v2\/pages\/23\/revisions"}],"predecessor-version":[{"id":111,"href":"https:\/\/maw.ambientcode.net\/index.php\/wp-json\/wp\/v2\/pages\/23\/revisions\/111"}],"up":[{"embeddable":true,"href":"https:\/\/maw.ambientcode.net\/index.php\/wp-json\/wp\/v2\/pages\/15"}],"wp:attachment":[{"href":"https:\/\/maw.ambientcode.net\/index.php\/wp-json\/wp\/v2\/media?parent=23"}],"curies":[{"name":"wp","href":"https:\/\/api.w.org\/{rel}","templated":true}]}}