{"id":15,"date":"2024-12-13T13:18:04","date_gmt":"2024-12-13T12:18:04","guid":{"rendered":"http:\/\/maw.ambientcode.net\/?page_id=15"},"modified":"2024-12-14T03:53:14","modified_gmt":"2024-12-14T02:53:14","slug":"budowa","status":"publish","type":"page","link":"https:\/\/maw.ambientcode.net\/index.php\/budowa\/","title":{"rendered":"Budowa"},"content":{"rendered":"\n<p>Niniejsza strona zawiera informacj\u0119 na temat konstrukcji robota. <\/p>\n\n\n\n<p>Robot musi posiada\u0107 wymiary pozwalaj\u0105ce na udzia\u0142 w zawodach w kategorii sumo. Jako \u017ar\u00f3d\u0142o danych u\u017cy\u0142em <a href=\"https:\/\/xchallenge.pl\/regulations\/ROBOmotion_2024_Sumo.pdf\">regulaminu do zawod\u00f3w XChellenge z 2024<\/a><\/p>\n\n\n\n<ul class=\"wp-block-list\">\n<li>Wymiary: max 20 x 20 x 50 cm<\/li>\n\n\n\n<li>Waga: 3000g<\/li>\n<\/ul>\n\n\n\n<figure class=\"wp-block-image size-large\"><img loading=\"lazy\" decoding=\"async\" width=\"1024\" height=\"506\" src=\"https:\/\/maw.ambientcode.net\/wp-content\/uploads\/2024\/12\/obraz-1024x506.png\" alt=\"\" class=\"wp-image-93\" srcset=\"https:\/\/maw.ambientcode.net\/wp-content\/uploads\/2024\/12\/obraz-1024x506.png 1024w, https:\/\/maw.ambientcode.net\/wp-content\/uploads\/2024\/12\/obraz-300x148.png 300w, https:\/\/maw.ambientcode.net\/wp-content\/uploads\/2024\/12\/obraz-768x380.png 768w, https:\/\/maw.ambientcode.net\/wp-content\/uploads\/2024\/12\/obraz-1536x760.png 1536w, https:\/\/maw.ambientcode.net\/wp-content\/uploads\/2024\/12\/obraz-2048x1013.png 2048w, https:\/\/maw.ambientcode.net\/wp-content\/uploads\/2024\/12\/obraz-660x326.png 660w\" sizes=\"auto, (max-width: 1024px) 100vw, 1024px\" \/><\/figure>\n\n\n<ul class=\"wp-block-page-list\"><li class=\"wp-block-pages-list__item\"><a class=\"wp-block-pages-list__item__link\" href=\"https:\/\/maw.ambientcode.net\/index.php\/budowa\/czesci\/\">Cz\u0119\u015bci u\u017cyte w robocie<\/a><\/li><li class=\"wp-block-pages-list__item\"><a class=\"wp-block-pages-list__item__link\" href=\"https:\/\/maw.ambientcode.net\/index.php\/budowa\/rama-i-obudowa\/\">Rama i obudowa<\/a><\/li><\/ul>\n\n\n<p><\/p>\n","protected":false},"excerpt":{"rendered":"<p>Niniejsza strona zawiera informacj\u0119 na temat konstrukcji robota. Robot musi posiada\u0107 wymiary pozwalaj\u0105ce na udzia\u0142 w zawodach w kategorii sumo. Jako \u017ar\u00f3d\u0142o danych u\u017cy\u0142em regulaminu do zawod\u00f3w XChellenge z 2024<\/p>\n","protected":false},"author":1,"featured_media":0,"parent":0,"menu_order":0,"comment_status":"closed","ping_status":"closed","template":"","meta":{"footnotes":""},"class_list":["post-15","page","type-page","status-publish","hentry"],"_links":{"self":[{"href":"https:\/\/maw.ambientcode.net\/index.php\/wp-json\/wp\/v2\/pages\/15","targetHints":{"allow":["GET"]}}],"collection":[{"href":"https:\/\/maw.ambientcode.net\/index.php\/wp-json\/wp\/v2\/pages"}],"about":[{"href":"https:\/\/maw.ambientcode.net\/index.php\/wp-json\/wp\/v2\/types\/page"}],"author":[{"embeddable":true,"href":"https:\/\/maw.ambientcode.net\/index.php\/wp-json\/wp\/v2\/users\/1"}],"replies":[{"embeddable":true,"href":"https:\/\/maw.ambientcode.net\/index.php\/wp-json\/wp\/v2\/comments?post=15"}],"version-history":[{"count":5,"href":"https:\/\/maw.ambientcode.net\/index.php\/wp-json\/wp\/v2\/pages\/15\/revisions"}],"predecessor-version":[{"id":94,"href":"https:\/\/maw.ambientcode.net\/index.php\/wp-json\/wp\/v2\/pages\/15\/revisions\/94"}],"wp:attachment":[{"href":"https:\/\/maw.ambientcode.net\/index.php\/wp-json\/wp\/v2\/media?parent=15"}],"curies":[{"name":"wp","href":"https:\/\/api.w.org\/{rel}","templated":true}]}}